{"id":472,"date":"2024-02-28T15:51:58","date_gmt":"2024-02-28T15:51:58","guid":{"rendered":"https:\/\/marianishak.com\/home-evaluation\/"},"modified":"2024-06-05T17:09:38","modified_gmt":"2024-06-05T17:09:38","slug":"evaluation-gratuite","status":"publish","type":"page","link":"https:\/\/marianishak.com\/fr\/evaluation-gratuite\/","title":{"rendered":"\u00c9valuation gratuite"},"content":{"rendered":"\r\n    <div class=\"homeEvalutation text-center\">\r\n        <h1 class=\"text-center\">Quelle est la valeur de votre propri\u00e9t\u00e9 ?<\/h1>\r\n        <form id=\"homeEval\" class=\"regform\" method=\"POST\">\r\n            <input type=\"hidden\" id=\"g-recaptcha-response\" name=\"g-recaptcha-response\">\r\n            <input type=\"hidden\" name=\"action\" value=\"mw_home_evaluation\">\r\n            <input type=\"hidden\" name=\"url\" value=\"http:\/\/marianishak.com\/fr\/wp-json\/wp\/v2\/pages\/472\">\r\n            <input type=\"hidden\" name=\"type\" value=\"2\">\r\n            <input type=\"hidden\" name=\"tags\" value=\"home evaluation\">\r\n            <input type=\"hidden\" name=\"funnel_id\" value=\"10225\">\r\n            <input type=\"hidden\" name=\"source\" value=\"website\">\r\n            <input type=\"hidden\" name=\"address\" value=\"\">\r\n\r\n            <fieldset id=\"first\">\r\n                <div class=\"row align-items-center\">\r\n                    <div class=\"col-lg-8 col-sm-8 col-xs-12 mb-3 mb-md-0\">\r\n                        <input type=\"text\" class=\"text_field\" name=\"location\" id=\"location\"\r\n                               placeholder=\"Entrez votre adresse\" autocomplete=\"off\">\r\n                    <\/div>\r\n\r\n                    <div class=\"col-lg-2 col-sm-2 col-xs-12 mb-3 mb-md-0\">\r\n                        <input type=\"text\" class=\"text_field\" name=\"apartment\" id=\"apartment\" placeholder=\"Apt#\">\r\n                    <\/div>\r\n\r\n                    <div class=\"col-lg-2 col-sm-2 col-12 mb-3 mb-md-0\">\r\n                        <input class=\"next_btn\" name=\"next\" id=\"step2\" type=\"button\"\r\n                               value=\"Suivant\">\r\n                    <\/div>\r\n                <\/div>\r\n            <\/fieldset>\r\n            <fieldset id=\"second\">\r\n                <div class=\"title-wrapper\">\r\n                    <p>Votre maison a \u00e9t\u00e9 trouv\u00e9e! O\u00f9 aimeriez-vous recevoir votre rapport d'\u00e9valuation de la maison?<\/p>\r\n                <\/div>\r\n                <div class=\"row align-items-center\">\r\n                    <div class=\"col-lg-6 col-md-6 col-sm-12\">\r\n                        <div class=\"map\" id=\"map\"><\/div>\r\n                    <\/div>\r\n\r\n                    <div class=\"col-lg-6 col-md-6 col-sm-12\">\r\n                        <div class=\"info\">\r\n                            <input class=\"text_field\" name=\"name\"\r\n                                   placeholder=\"Votre Nom\"\r\n                                   type=\"text\">\r\n                            <input class=\"text_field\" name=\"email\"\r\n                                   placeholder=\"Votre Courriel\"\r\n                                   type=\"text\">\r\n                            <input class=\"text_field\" name=\"phone\"\r\n                                   placeholder=\"Votre T\u00e9l\u00e9phone\"\r\n                                   type=\"text\">\r\n                            <select class=\"options\" name=\"selling\">\r\n                                <option value=\"--Selling In--\">--Date de la vente--<\/option>\r\n                                <option value=\"1-3 Months\">1 \u00e0 3 mois<\/option>\r\n                                <option value=\"3-6 Months\">3 \u00e0 6 Mois<\/option>\r\n                                <option value=\"6-12 Months\">6 \u00e0 12 mois<\/option>\r\n                                <option value=\"Just Curious\">\r\n                                    Par curiosit\u00e9                                <\/option>\r\n                                <option value=\"Refinancing\">Refinancement<\/option>\r\n                            <\/select>\r\n                        <\/div>\r\n\r\n                        <input class=\"pre_btn\" name=\"previous\" type=\"button\"\r\n                               value=\"Pr\u00e9c\u00e9dent\">\r\n                        <input class=\"next_btn\" name=\"next\" id=\"submitEmail\" type=\"button\"\r\n                               value=\"Suivant\">\r\n\r\n                    <\/div>\r\n                <\/div>\r\n\r\n            <\/fieldset>\r\n            <fieldset id=\"third\">\r\n                <div class=\"col-lg-12 col-xs-12\">\r\n                    <div class=\"content\">\r\n                        <p>\u00c9quipe Marian Ishak vous contactera dans les plus brefs d\u00e9lais pour vous pr\u00e9senter une analyse compl\u00e8te de la valeur de votre propri\u00e9t\u00e9.<\/p>\r\n                        <div class=\"btn-wrapper\">\r\n                            <a class=\"btn-default\"\r\n                               href=\"https:\/\/marianishak.com\/fr\/\/fr\/proprietes\/\">Voir les propri\u00e9t\u00e9s<\/a>\r\n                        <\/div>\r\n                    <\/div>\r\n                <\/div>\r\n            <\/fieldset>\r\n            <!-- Progress Bar -->\r\n            <div class=\"row justify-content-center mt-4\">\r\n                <div class=\"col-lg-4 col-md-4 col-sm-4 col-xs-12 mb-xs-1\">\r\n                    <div class=\"single-s s1 active\">\r\n                        \u00c9tape 1 <br>\r\n                        Adresse de la propri\u00e9t\u00e9                    <\/div>\r\n                <\/div>\r\n\r\n                <div class=\"col-lg-4 col-md-4 col-sm-4 col-xs-12 mb-xs-1\">\r\n                    <div class=\"single-s s2\">\r\n                        \u00c9tape 2 <br>\r\n                        D\u00e9tails de la propri\u00e9t\u00e9                    <\/div>\r\n                <\/div>\r\n\r\n                <div class=\"col-lg-4 col-md-4 col-sm-4 col-xs-12\">\r\n                    <div class=\"single-s s3\">\r\n                        \u00c9tape 3 <br>\r\n                        \u00c9valuation gratuite                    <\/div>\r\n                <\/div>\r\n            <\/div>\r\n        <\/form>\r\n    <\/div>\r\n    <script>\r\n        (function ($) {\r\n            $(document).ready(function () {\r\n                $(\"#step2\").click(function () {\r\n                    if ($('input[name=\"location\"]').val() == \"\") {\r\n                        alert(\"Location field is necessary!\");\r\n                        return false;\r\n                    } else {\r\n                        let apt = \"\";\r\n\r\n                        if($('input[name=\"apartment\"]').val() != \"\")\r\n                            apt = \"#\" + $('input[name=\"apartment\"]').val() + \" \";\r\n\r\n                        $('input[name=\"address\"]').val( apt + $('input[name=\"location\"]').val());\r\n                        $('#second').fadeIn('slow');\r\n                        $('#first').css({'display': 'none'});\r\n                        $('.s2').addClass('active');\r\n\r\n                        let center = map.getCenter();\r\n                        google.maps.event.trigger(map, 'resize');\r\n                        map.setCenter(center);\r\n\r\n                        return true;\r\n                    }\r\n                });\r\n\r\n                $(\".pre_btn\").click(function () {\r\n                    $('#first').fadeIn('slow');\r\n                    $('#second').css({'display': 'none'});\r\n\r\n                    $('.s2').removeClass('active');\r\n                });\r\n\r\n                $(\"#submitEmail\").click(function () {\r\n                    let re = \/^(([^<>()[\\]\\\\.,;:\\s@\"]+(\\.[^<>()[\\]\\\\.,;:\\s@\"]+)*)|(\".+\"))@((\\[[0-9]{1,3}\\.[0-9]{1,3}\\.[0-9]{1,3}\\.[0-9]{1,3}])|(([a-zA-Z\\-0-9]+\\.)+[a-zA-Z]{2,}))$\/;\r\n                    if ($('input[name=\"name\"]').val() == \"\") {\r\n                        alert(\"Name field is invalid!\");\r\n                        return false;\r\n                    } else if (!re.test($('input[name=\"email\"]').val())) {\r\n                        alert(\"Email field is invalid!\");\r\n                        return false;\r\n                    } else if ($('input[name=\"phone\"]').val() == \"\") {\r\n                        alert(\"Phone field is invalid!\");\r\n                        return false;\r\n                    } else {\r\n                        let el = $(this);\r\n                        $.ajax({\r\n                            type: \"POST\",\r\n                            url: realEstateJs.ajaxUrl,\r\n                            data: $(\"#homeEval\").serialize(),\r\n                            success: function (data) {\r\n                                console.log(data);\r\n                                if (data.success) {\r\n                                    $(el).parent().next().fadeIn('slow');\r\n                                    $(el).parent().css({'display': 'none'});\r\n                                    $('.active').next().addClass('active');\r\n\r\n                                    \/\/ webhook\r\n                                    $.post( \"https:\/\/app.utilmo.com\/webhook\/1n.4mCFlfm7NvUVMgTCh0g\", $(\"#homeEval\").serialize());\r\n                                }\r\n                            },\r\n                            error: function (e) {\r\n                                console.log(e.responseText);\r\n                            }\r\n                        });\r\n\r\n                        $('.s3').addClass('active');\r\n                        $('#third').fadeIn('slow');\r\n                        $('#second').css({'display': 'none'});\r\n                    }\r\n                });\r\n            });\r\n\r\n            \/\/Autocomplete variables\r\n            let input = document.getElementById('location'),\r\n                step2 = document.getElementById('step2'),\r\n                place;\r\n\r\n            let observerHack = new MutationObserver(function () {\r\n                observerHack.disconnect();\r\n                $(\"#location\").attr(\"autocomplete\", \"new-password\").attr(\"disabled\", false);\r\n            });\r\n\r\n            observerHack.observe(input, {\r\n                attributes: true,\r\n                attributeFilter: ['autocomplete']\r\n            });\r\n\r\n            let autocomplete = new google.maps.places.Autocomplete(input);\r\n\r\n            \/\/Google Map variables\r\n            let map, marker;\r\n\r\n            \/\/Add listener to detect autocomplete selection\r\n            google.maps.event.addListener(autocomplete, 'place_changed', function () {\r\n                place = autocomplete.getPlace();\r\n            });\r\n\r\n            \/\/Add listener to search\r\n            step2.addEventListener(\"click\", function () {\r\n                let newlatlong = new google.maps.LatLng(place.geometry.location.lat(), place.geometry.location.lng());\r\n                map.setCenter(newlatlong);\r\n                marker.setPosition(newlatlong);\r\n                map.setZoom(18);\r\n                map.setMapTypeId(google.maps.MapTypeId.SATELLITE);\r\n            });\r\n\r\n            \/\/Reset the inpout box on click\r\n            input.addEventListener('click', function () {\r\n                \/\/input.value = \"\";\r\n            });\r\n\r\n            function initialize() {\r\n                let myLatlng = new google.maps.LatLng(45.5549753, -73.9491394);\r\n                let mapOptions = {\r\n                    zoom: 1,\r\n                    center: myLatlng\r\n                };\r\n\r\n                map = new google.maps.Map(document.getElementById('map'), mapOptions);\r\n\r\n                marker = new google.maps.Marker({\r\n                    position: myLatlng,\r\n                    map: map,\r\n                    title: 'Main map'\r\n                });\r\n            }\r\n\r\n            google.maps.event.addDomListener(window, 'load', initialize);\r\n        }(jQuery));\r\n\r\n        var onloadCallback = function () {\r\n            grecaptcha.ready(function () {\r\n                grecaptcha.execute('6Le6AqkpAAAAAFM_Yi1y5BamkXMnfbOuh7pkq9Gk', {action: 'validate_captcha'})\r\n                    .then(function (token) {\r\n                        document.getElementById('g-recaptcha-response').value = token;\r\n                    });\r\n            });\r\n        };\r\n    <\/script>\r\n    \n","protected":false},"excerpt":{"rendered":"","protected":false},"author":4,"featured_media":557,"parent":0,"menu_order":0,"comment_status":"closed","ping_status":"closed","template":"template-eval.php","meta":{"_acf_changed":false,"inline_featured_image":false,"footnotes":""},"class_list":["post-472","page","type-page","status-publish","has-post-thumbnail","hentry"],"acf":[],"yoast_head":"<!-- This site is optimized with the Yoast SEO plugin v26.2 - https:\/\/yoast.com\/wordpress\/plugins\/seo\/ -->\n<title>\u00c9valuation gratuite - Marian Ishak - \u00c9quipe immobili\u00e8re - M Immobilier<\/title>\n<meta name=\"robots\" content=\"index, follow, max-snippet:-1, max-image-preview:large, max-video-preview:-1\" \/>\n<link rel=\"canonical\" href=\"https:\/\/marianishak.com\/fr\/evaluation-gratuite\/\" \/>\n<meta property=\"og:locale\" content=\"fr_FR\" \/>\n<meta property=\"og:type\" content=\"article\" \/>\n<meta property=\"og:title\" content=\"\u00c9valuation gratuite - Marian Ishak - \u00c9quipe immobili\u00e8re - M Immobilier\" \/>\n<meta property=\"og:url\" content=\"https:\/\/marianishak.com\/fr\/evaluation-gratuite\/\" \/>\n<meta property=\"og:site_name\" content=\"Marian Ishak\" \/>\n<meta property=\"article:modified_time\" content=\"2024-06-05T17:09:38+00:00\" \/>\n<meta property=\"og:image\" content=\"https:\/\/marianishak.com\/wp-content\/uploads\/2024\/02\/bg-properties-scaled.jpg\" \/>\n\t<meta property=\"og:image:width\" content=\"2560\" \/>\n\t<meta property=\"og:image:height\" content=\"1707\" \/>\n\t<meta property=\"og:image:type\" content=\"image\/jpeg\" \/>\n<meta name=\"twitter:card\" content=\"summary_large_image\" \/>\n<meta name=\"twitter:label1\" content=\"Dur\u00e9e de lecture estim\u00e9e\" \/>\n\t<meta name=\"twitter:data1\" content=\"1 minute\" \/>\n<script type=\"application\/ld+json\" class=\"yoast-schema-graph\">{\"@context\":\"https:\/\/schema.org\",\"@graph\":[{\"@type\":\"WebPage\",\"@id\":\"https:\/\/marianishak.com\/fr\/evaluation-gratuite\/\",\"url\":\"https:\/\/marianishak.com\/fr\/evaluation-gratuite\/\",\"name\":\"\u00c9valuation gratuite - Marian Ishak - \u00c9quipe immobili\u00e8re - M Immobilier\",\"isPartOf\":{\"@id\":\"https:\/\/marianishak.com\/#website\"},\"primaryImageOfPage\":{\"@id\":\"https:\/\/marianishak.com\/fr\/evaluation-gratuite\/#primaryimage\"},\"image\":{\"@id\":\"https:\/\/marianishak.com\/fr\/evaluation-gratuite\/#primaryimage\"},\"thumbnailUrl\":\"https:\/\/marianishak.com\/wp-content\/uploads\/2024\/06\/evaluation.jpg\",\"datePublished\":\"2024-02-28T15:51:58+00:00\",\"dateModified\":\"2024-06-05T17:09:38+00:00\",\"breadcrumb\":{\"@id\":\"https:\/\/marianishak.com\/fr\/evaluation-gratuite\/#breadcrumb\"},\"inLanguage\":\"fr-FR\",\"potentialAction\":[{\"@type\":\"ReadAction\",\"target\":[\"https:\/\/marianishak.com\/fr\/evaluation-gratuite\/\"]}]},{\"@type\":\"ImageObject\",\"inLanguage\":\"fr-FR\",\"@id\":\"https:\/\/marianishak.com\/fr\/evaluation-gratuite\/#primaryimage\",\"url\":\"https:\/\/marianishak.com\/wp-content\/uploads\/2024\/06\/evaluation.jpg\",\"contentUrl\":\"https:\/\/marianishak.com\/wp-content\/uploads\/2024\/06\/evaluation.jpg\",\"width\":1920,\"height\":1080},{\"@type\":\"BreadcrumbList\",\"@id\":\"https:\/\/marianishak.com\/fr\/evaluation-gratuite\/#breadcrumb\",\"itemListElement\":[{\"@type\":\"ListItem\",\"position\":1,\"name\":\"Home\",\"item\":\"https:\/\/marianishak.com\/fr\/\"},{\"@type\":\"ListItem\",\"position\":2,\"name\":\"\u00c9valuation gratuite\"}]},{\"@type\":\"WebSite\",\"@id\":\"https:\/\/marianishak.com\/#website\",\"url\":\"https:\/\/marianishak.com\/\",\"name\":\"Marian Ishak\",\"description\":\"\u00c9quipe immobili\u00e8re - M Immobilier\",\"potentialAction\":[{\"@type\":\"SearchAction\",\"target\":{\"@type\":\"EntryPoint\",\"urlTemplate\":\"https:\/\/marianishak.com\/?s={search_term_string}\"},\"query-input\":{\"@type\":\"PropertyValueSpecification\",\"valueRequired\":true,\"valueName\":\"search_term_string\"}}],\"inLanguage\":\"fr-FR\"}]}<\/script>\n<!-- \/ Yoast SEO plugin. -->","yoast_head_json":{"title":"\u00c9valuation gratuite - Marian Ishak - \u00c9quipe immobili\u00e8re - M Immobilier","robots":{"index":"index","follow":"follow","max-snippet":"max-snippet:-1","max-image-preview":"max-image-preview:large","max-video-preview":"max-video-preview:-1"},"canonical":"https:\/\/marianishak.com\/fr\/evaluation-gratuite\/","og_locale":"fr_FR","og_type":"article","og_title":"\u00c9valuation gratuite - Marian Ishak - \u00c9quipe immobili\u00e8re - M Immobilier","og_url":"https:\/\/marianishak.com\/fr\/evaluation-gratuite\/","og_site_name":"Marian Ishak","article_modified_time":"2024-06-05T17:09:38+00:00","og_image":[{"width":2560,"height":1707,"url":"https:\/\/marianishak.com\/wp-content\/uploads\/2024\/02\/bg-properties-scaled.jpg","type":"image\/jpeg"}],"twitter_card":"summary_large_image","twitter_misc":{"Dur\u00e9e de lecture estim\u00e9e":"1 minute"},"schema":{"@context":"https:\/\/schema.org","@graph":[{"@type":"WebPage","@id":"https:\/\/marianishak.com\/fr\/evaluation-gratuite\/","url":"https:\/\/marianishak.com\/fr\/evaluation-gratuite\/","name":"\u00c9valuation gratuite - Marian Ishak - \u00c9quipe immobili\u00e8re - M Immobilier","isPartOf":{"@id":"https:\/\/marianishak.com\/#website"},"primaryImageOfPage":{"@id":"https:\/\/marianishak.com\/fr\/evaluation-gratuite\/#primaryimage"},"image":{"@id":"https:\/\/marianishak.com\/fr\/evaluation-gratuite\/#primaryimage"},"thumbnailUrl":"https:\/\/marianishak.com\/wp-content\/uploads\/2024\/06\/evaluation.jpg","datePublished":"2024-02-28T15:51:58+00:00","dateModified":"2024-06-05T17:09:38+00:00","breadcrumb":{"@id":"https:\/\/marianishak.com\/fr\/evaluation-gratuite\/#breadcrumb"},"inLanguage":"fr-FR","potentialAction":[{"@type":"ReadAction","target":["https:\/\/marianishak.com\/fr\/evaluation-gratuite\/"]}]},{"@type":"ImageObject","inLanguage":"fr-FR","@id":"https:\/\/marianishak.com\/fr\/evaluation-gratuite\/#primaryimage","url":"https:\/\/marianishak.com\/wp-content\/uploads\/2024\/06\/evaluation.jpg","contentUrl":"https:\/\/marianishak.com\/wp-content\/uploads\/2024\/06\/evaluation.jpg","width":1920,"height":1080},{"@type":"BreadcrumbList","@id":"https:\/\/marianishak.com\/fr\/evaluation-gratuite\/#breadcrumb","itemListElement":[{"@type":"ListItem","position":1,"name":"Home","item":"https:\/\/marianishak.com\/fr\/"},{"@type":"ListItem","position":2,"name":"\u00c9valuation gratuite"}]},{"@type":"WebSite","@id":"https:\/\/marianishak.com\/#website","url":"https:\/\/marianishak.com\/","name":"Marian Ishak","description":"\u00c9quipe immobili\u00e8re - M Immobilier","potentialAction":[{"@type":"SearchAction","target":{"@type":"EntryPoint","urlTemplate":"https:\/\/marianishak.com\/?s={search_term_string}"},"query-input":{"@type":"PropertyValueSpecification","valueRequired":true,"valueName":"search_term_string"}}],"inLanguage":"fr-FR"}]}},"_links":{"self":[{"href":"https:\/\/marianishak.com\/fr\/wp-json\/wp\/v2\/pages\/472","targetHints":{"allow":["GET"]}}],"collection":[{"href":"https:\/\/marianishak.com\/fr\/wp-json\/wp\/v2\/pages"}],"about":[{"href":"https:\/\/marianishak.com\/fr\/wp-json\/wp\/v2\/types\/page"}],"author":[{"embeddable":true,"href":"https:\/\/marianishak.com\/fr\/wp-json\/wp\/v2\/users\/4"}],"replies":[{"embeddable":true,"href":"https:\/\/marianishak.com\/fr\/wp-json\/wp\/v2\/comments?post=472"}],"version-history":[{"count":1,"href":"https:\/\/marianishak.com\/fr\/wp-json\/wp\/v2\/pages\/472\/revisions"}],"predecessor-version":[{"id":474,"href":"https:\/\/marianishak.com\/fr\/wp-json\/wp\/v2\/pages\/472\/revisions\/474"}],"wp:featuredmedia":[{"embeddable":true,"href":"https:\/\/marianishak.com\/fr\/wp-json\/wp\/v2\/media\/557"}],"wp:attachment":[{"href":"https:\/\/marianishak.com\/fr\/wp-json\/wp\/v2\/media?parent=472"}],"curies":[{"name":"wp","href":"https:\/\/api.w.org\/{rel}","templated":true}]}}