{"id":456,"date":"2024-06-03T20:32:41","date_gmt":"2024-06-03T20:32:41","guid":{"rendered":"https:\/\/marianishak.com\/team\/"},"modified":"2024-07-15T20:13:43","modified_gmt":"2024-07-15T20:13:43","slug":"equipe","status":"publish","type":"page","link":"https:\/\/marianishak.com\/fr\/equipe\/","title":{"rendered":"\u00c9quipe"},"content":{"rendered":"","protected":false},"excerpt":{"rendered":"","protected":false},"author":4,"featured_media":0,"parent":0,"menu_order":0,"comment_status":"closed","ping_status":"closed","template":"template-team.php","meta":{"_acf_changed":false,"inline_featured_image":false,"footnotes":""},"class_list":["post-456","page","type-page","status-publish","hentry"],"acf":[],"yoast_head":"<!-- This site is optimized with the Yoast SEO plugin v26.2 - https:\/\/yoast.com\/wordpress\/plugins\/seo\/ -->\n<title>\u00c9quipe - Marian Ishak - \u00c9quipe immobili\u00e8re - M Immobilier<\/title>\n<meta name=\"robots\" content=\"index, follow, max-snippet:-1, max-image-preview:large, max-video-preview:-1\" \/>\n<link rel=\"canonical\" href=\"https:\/\/marianishak.com\/fr\/equipe\/\" \/>\n<meta property=\"og:locale\" content=\"fr_FR\" \/>\n<meta property=\"og:type\" content=\"article\" \/>\n<meta property=\"og:title\" content=\"\u00c9quipe - Marian Ishak - \u00c9quipe immobili\u00e8re - M Immobilier\" \/>\n<meta property=\"og:url\" content=\"https:\/\/marianishak.com\/fr\/equipe\/\" \/>\n<meta property=\"og:site_name\" content=\"Marian Ishak\" \/>\n<meta property=\"article:modified_time\" content=\"2024-07-15T20:13:43+00:00\" \/>\n<meta property=\"og:image\" content=\"https:\/\/marianishak.com\/wp-content\/uploads\/2026\/01\/marian-og.png\" \/>\n\t<meta property=\"og:image:width\" content=\"889\" \/>\n\t<meta property=\"og:image:height\" content=\"500\" \/>\n\t<meta property=\"og:image:type\" content=\"image\/png\" \/>\n<meta name=\"twitter:card\" content=\"summary_large_image\" \/>\n<script type=\"application\/ld+json\" class=\"yoast-schema-graph\">{\"@context\":\"https:\/\/schema.org\",\"@graph\":[{\"@type\":\"WebPage\",\"@id\":\"https:\/\/marianishak.com\/fr\/equipe\/\",\"url\":\"https:\/\/marianishak.com\/fr\/equipe\/\",\"name\":\"\u00c9quipe - Marian Ishak - \u00c9quipe immobili\u00e8re - M Immobilier\",\"isPartOf\":{\"@id\":\"https:\/\/marianishak.com\/#website\"},\"datePublished\":\"2024-06-03T20:32:41+00:00\",\"dateModified\":\"2024-07-15T20:13:43+00:00\",\"breadcrumb\":{\"@id\":\"https:\/\/marianishak.com\/fr\/equipe\/#breadcrumb\"},\"inLanguage\":\"fr-FR\",\"potentialAction\":[{\"@type\":\"ReadAction\",\"target\":[\"https:\/\/marianishak.com\/fr\/equipe\/\"]}]},{\"@type\":\"BreadcrumbList\",\"@id\":\"https:\/\/marianishak.com\/fr\/equipe\/#breadcrumb\",\"itemListElement\":[{\"@type\":\"ListItem\",\"position\":1,\"name\":\"Home\",\"item\":\"https:\/\/marianishak.com\/fr\/\"},{\"@type\":\"ListItem\",\"position\":2,\"name\":\"\u00c9quipe\"}]},{\"@type\":\"WebSite\",\"@id\":\"https:\/\/marianishak.com\/#website\",\"url\":\"https:\/\/marianishak.com\/\",\"name\":\"Marian Ishak\",\"description\":\"\u00c9quipe immobili\u00e8re - M Immobilier\",\"potentialAction\":[{\"@type\":\"SearchAction\",\"target\":{\"@type\":\"EntryPoint\",\"urlTemplate\":\"https:\/\/marianishak.com\/?s={search_term_string}\"},\"query-input\":{\"@type\":\"PropertyValueSpecification\",\"valueRequired\":true,\"valueName\":\"search_term_string\"}}],\"inLanguage\":\"fr-FR\"}]}<\/script>\n<!-- \/ Yoast SEO plugin. -->","yoast_head_json":{"title":"\u00c9quipe - Marian Ishak - \u00c9quipe immobili\u00e8re - M Immobilier","robots":{"index":"index","follow":"follow","max-snippet":"max-snippet:-1","max-image-preview":"max-image-preview:large","max-video-preview":"max-video-preview:-1"},"canonical":"https:\/\/marianishak.com\/fr\/equipe\/","og_locale":"fr_FR","og_type":"article","og_title":"\u00c9quipe - Marian Ishak - \u00c9quipe immobili\u00e8re - M Immobilier","og_url":"https:\/\/marianishak.com\/fr\/equipe\/","og_site_name":"Marian Ishak","article_modified_time":"2024-07-15T20:13:43+00:00","og_image":[{"width":889,"height":500,"url":"https:\/\/marianishak.com\/wp-content\/uploads\/2026\/01\/marian-og.png","type":"image\/png"}],"twitter_card":"summary_large_image","schema":{"@context":"https:\/\/schema.org","@graph":[{"@type":"WebPage","@id":"https:\/\/marianishak.com\/fr\/equipe\/","url":"https:\/\/marianishak.com\/fr\/equipe\/","name":"\u00c9quipe - Marian Ishak - \u00c9quipe immobili\u00e8re - M Immobilier","isPartOf":{"@id":"https:\/\/marianishak.com\/#website"},"datePublished":"2024-06-03T20:32:41+00:00","dateModified":"2024-07-15T20:13:43+00:00","breadcrumb":{"@id":"https:\/\/marianishak.com\/fr\/equipe\/#breadcrumb"},"inLanguage":"fr-FR","potentialAction":[{"@type":"ReadAction","target":["https:\/\/marianishak.com\/fr\/equipe\/"]}]},{"@type":"BreadcrumbList","@id":"https:\/\/marianishak.com\/fr\/equipe\/#breadcrumb","itemListElement":[{"@type":"ListItem","position":1,"name":"Home","item":"https:\/\/marianishak.com\/fr\/"},{"@type":"ListItem","position":2,"name":"\u00c9quipe"}]},{"@type":"WebSite","@id":"https:\/\/marianishak.com\/#website","url":"https:\/\/marianishak.com\/","name":"Marian Ishak","description":"\u00c9quipe immobili\u00e8re - M Immobilier","potentialAction":[{"@type":"SearchAction","target":{"@type":"EntryPoint","urlTemplate":"https:\/\/marianishak.com\/?s={search_term_string}"},"query-input":{"@type":"PropertyValueSpecification","valueRequired":true,"valueName":"search_term_string"}}],"inLanguage":"fr-FR"}]}},"_links":{"self":[{"href":"https:\/\/marianishak.com\/fr\/wp-json\/wp\/v2\/pages\/456","targetHints":{"allow":["GET"]}}],"collection":[{"href":"https:\/\/marianishak.com\/fr\/wp-json\/wp\/v2\/pages"}],"about":[{"href":"https:\/\/marianishak.com\/fr\/wp-json\/wp\/v2\/types\/page"}],"author":[{"embeddable":true,"href":"https:\/\/marianishak.com\/fr\/wp-json\/wp\/v2\/users\/4"}],"replies":[{"embeddable":true,"href":"https:\/\/marianishak.com\/fr\/wp-json\/wp\/v2\/comments?post=456"}],"version-history":[{"count":3,"href":"https:\/\/marianishak.com\/fr\/wp-json\/wp\/v2\/pages\/456\/revisions"}],"predecessor-version":[{"id":661,"href":"https:\/\/marianishak.com\/fr\/wp-json\/wp\/v2\/pages\/456\/revisions\/661"}],"wp:attachment":[{"href":"https:\/\/marianishak.com\/fr\/wp-json\/wp\/v2\/media?parent=456"}],"curies":[{"name":"wp","href":"https:\/\/api.w.org\/{rel}","templated":true}]}}